{"id":49,"date":"2021-11-10T23:12:52","date_gmt":"2021-11-10T23:12:52","guid":{"rendered":"https:\/\/themenectar.com\/salient\/resort\/?page_id=49"},"modified":"2024-05-15T14:37:05","modified_gmt":"2024-05-15T14:37:05","slug":"news","status":"publish","type":"page","link":"https:\/\/breadanddeli.eu\/index.php\/news\/","title":{"rendered":"Novosti"},"content":{"rendered":"[vc_row type=&#8221;in_container&#8221; full_screen_row_position=&#8221;middle&#8221; column_margin=&#8221;default&#8221; column_direction=&#8221;default&#8221; column_direction_tablet=&#8221;default&#8221; column_direction_phone=&#8221;default&#8221; scene_position=&#8221;center&#8221; top_padding=&#8221;175&#8243; bottom_padding=&#8221;3%&#8221; top_padding_tablet=&#8221;25%&#8221; top_padding_phone=&#8221;80&#8243; text_color=&#8221;dark&#8221; text_align=&#8221;left&#8221; row_border_radius=&#8221;none&#8221; row_border_radius_applies=&#8221;bg&#8221; overflow=&#8221;visible&#8221; advanced_gradient_angle=&#8221;0&#8243; overlay_strength=&#8221;0.3&#8243; gradient_direction=&#8221;left_to_right&#8221; shape_divider_position=&#8221;bottom&#8221; bg_image_animation=&#8221;none&#8221; shape_type=&#8221;straight_section&#8221; gradient_type=&#8221;default&#8221;][vc_column column_padding=&#8221;no-extra-padding&#8221; column_padding_tablet=&#8221;inherit&#8221; column_padding_phone=&#8221;inherit&#8221; column_padding_position=&#8221;top-bottom&#8221; column_element_direction_desktop=&#8221;default&#8221; column_element_spacing=&#8221;0px&#8221; desktop_text_alignment=&#8221;default&#8221; tablet_text_alignment=&#8221;default&#8221; phone_text_alignment=&#8221;default&#8221; background_color_opacity=&#8221;1&#8243; background_hover_color_opacity=&#8221;1&#8243; column_backdrop_filter=&#8221;none&#8221; column_shadow=&#8221;none&#8221; column_border_radius=&#8221;none&#8221; column_link_target=&#8221;_self&#8221; column_position=&#8221;default&#8221; advanced_gradient_angle=&#8221;0&#8243; gradient_direction=&#8221;left_to_right&#8221; overlay_strength=&#8221;0.3&#8243; width=&#8221;1\/1&#8243; tablet_width_inherit=&#8221;default&#8221; animation_type=&#8221;default&#8221; bg_image_animation=&#8221;none&#8221; border_type=&#8221;simple&#8221; column_border_width=&#8221;none&#8221; column_border_style=&#8221;solid&#8221; gradient_type=&#8221;default&#8221;][vc_row_inner column_margin=&#8221;none&#8221; column_direction=&#8221;default&#8221; column_direction_tablet=&#8221;default&#8221; column_direction_phone=&#8221;default&#8221; left_padding_desktop=&#8221;8%&#8221; constrain_group_2=&#8221;yes&#8221; right_padding_desktop=&#8221;8%&#8221; text_align=&#8221;left&#8221; row_position=&#8221;default&#8221; row_position_tablet=&#8221;inherit&#8221; row_position_phone=&#8221;inherit&#8221; overflow=&#8221;visible&#8221; pointer_events=&#8221;all&#8221;][vc_column_inner column_padding=&#8221;no-extra-padding&#8221; column_padding_tablet=&#8221;inherit&#8221; column_padding_phone=&#8221;inherit&#8221; column_padding_position=&#8221;all&#8221; column_element_direction_desktop=&#8221;default&#8221; column_element_spacing=&#8221;0px&#8221; desktop_text_alignment=&#8221;default&#8221; tablet_text_alignment=&#8221;default&#8221; phone_text_alignment=&#8221;default&#8221; background_color_opacity=&#8221;1&#8243; background_hover_color_opacity=&#8221;1&#8243; column_backdrop_filter=&#8221;none&#8221; column_shadow=&#8221;none&#8221; column_border_radius=&#8221;none&#8221; column_link_target=&#8221;_self&#8221; overflow=&#8221;visible&#8221; advanced_gradient_angle=&#8221;0&#8243; gradient_direction=&#8221;left_to_right&#8221; overlay_strength=&#8221;0.3&#8243; width=&#8221;1\/1&#8243; tablet_width_inherit=&#8221;default&#8221; animation_type=&#8221;default&#8221; bg_image_animation=&#8221;none&#8221; border_type=&#8221;simple&#8221; column_border_width=&#8221;none&#8221; column_border_style=&#8221;solid&#8221; gradient_type=&#8221;default&#8221;][split_line_heading animation_type=&#8221;line-reveal-by-space&#8221; font_style=&#8221;h1&#8243; line_reveal_by_space_text_effect=&#8221;letter-reveal-bottom&#8221; mobile_disable_animation=&#8221;true&#8221; content_alignment=&#8221;center&#8221; mobile_content_alignment=&#8221;inherit&#8221; link_target=&#8221;_self&#8221; text_content=&#8221;Novosti&#8221; font_size=&#8221;6vw&#8221; font_line_height=&#8221;0.8&#8243; font_size_tablet=&#8221;6vw&#8221; text_direction=&#8221;default&#8221; font_size_phone=&#8221;50px&#8221;][\/split_line_heading][\/vc_column_inner][\/vc_row_inner][\/vc_column][\/vc_row][vc_row type=&#8221;in_container&#8221; full_screen_row_position=&#8221;middle&#8221; column_margin=&#8221;default&#8221; column_direction=&#8221;default&#8221; column_direction_tablet=&#8221;default&#8221; column_direction_phone=&#8221;default&#8221; scene_position=&#8221;center&#8221; left_padding_desktop=&#8221;5%&#8221; constrain_group_2=&#8221;yes&#8221; right_padding_desktop=&#8221;5%&#8221; left_padding_phone=&#8221;0&#8243; constrain_group_6=&#8221;yes&#8221; right_padding_phone=&#8221;0&#8243; text_color=&#8221;dark&#8221; text_align=&#8221;left&#8221; row_border_radius=&#8221;none&#8221; row_border_radius_applies=&#8221;bg&#8221; overflow=&#8221;visible&#8221; advanced_gradient_angle=&#8221;0&#8243; overlay_strength=&#8221;0.3&#8243; gradient_direction=&#8221;left_to_right&#8221; shape_divider_position=&#8221;bottom&#8221; bg_image_animation=&#8221;none&#8221; gradient_type=&#8221;default&#8221; shape_type=&#8221;&#8221;][vc_column column_padding=&#8221;no-extra-padding&#8221; column_padding_tablet=&#8221;inherit&#8221; column_padding_phone=&#8221;inherit&#8221; column_padding_position=&#8221;all&#8221; column_element_direction_desktop=&#8221;default&#8221; column_element_spacing=&#8221;default&#8221; desktop_text_alignment=&#8221;default&#8221; tablet_text_alignment=&#8221;default&#8221; phone_text_alignment=&#8221;default&#8221; background_color_opacity=&#8221;1&#8243; background_hover_color_opacity=&#8221;1&#8243; column_backdrop_filter=&#8221;none&#8221; column_shadow=&#8221;none&#8221; column_border_radius=&#8221;none&#8221; column_link_target=&#8221;_self&#8221; column_position=&#8221;default&#8221; advanced_gradient_angle=&#8221;0&#8243; gradient_direction=&#8221;left_to_right&#8221; overlay_strength=&#8221;0.3&#8243; width=&#8221;1\/1&#8243; tablet_width_inherit=&#8221;default&#8221; animation_type=&#8221;default&#8221; enable_animation=&#8221;true&#8221; animation=&#8221;fade-in-from-bottom&#8221; mobile_disable_entrance_animation=&#8221;true&#8221; animation_easing=&#8221;default&#8221; bg_image_animation=&#8221;none&#8221; border_type=&#8221;simple&#8221; column_border_width=&#8221;none&#8221; column_border_style=&#8221;solid&#8221; gradient_type=&#8221;default&#8221; delay=&#8221;500&#8243; animation_offset=&#8221;99%&#8221;][nectar_post_grid post_type=&#8221;post&#8221; blog_category=&#8221;all&#8221; order=&#8221;DESC&#8221; orderby=&#8221;date&#8221; pagination=&#8221;load-more&#8221; button_color=&#8221;black&#8221; columns=&#8221;1&#8243; columns_tablet=&#8221;default&#8221; columns_phone=&#8221;default&#8221; grid_item_spacing=&#8221;35px&#8221; grid_item_height=&#8221;50vh&#8221; image_size=&#8221;full&#8221; image_loading=&#8221;default&#8221; animation=&#8221;none&#8221; animation_stagger=&#8221;90&#8243; animation_easing=&#8221;default&#8221; heading_tag=&#8221;default&#8221; display_excerpt=&#8221;yes&#8221; excerpt_display=&#8221;default&#8221; additional_meta_size=&#8221;default&#8221; grid_style=&#8221;content_under_image&#8221; content_under_image_text_align=&#8221;left&#8221; text_color=&#8221;dark&#8221; hover_effect=&#8221;zoom&#8221; border_radius=&#8221;none&#8221; custom_font_size=&#8221;2.8vw&#8221; posts_per_page=&#8221;12&#8243; display_type=&#8221;grid&#8221;][\/vc_column][\/vc_row]\n","protected":false},"excerpt":{"rendered":"<p>[vc_row type=&#8221;in_container&#8221; full_screen_row_position=&#8221;middle&#8221; column_margin=&#8221;default&#8221; column_direction=&#8221;default&#8221; column_direction_tablet=&#8221;default&#8221; column_direction_phone=&#8221;default&#8221; scene_position=&#8221;center&#8221; top_padding=&#8221;175&#8243; bottom_padding=&#8221;3%&#8221; top_padding_tablet=&#8221;25%&#8221; top_padding_phone=&#8221;80&#8243; text_color=&#8221;dark&#8221; text_align=&#8221;left&#8221; row_border_radius=&#8221;none&#8221; row_border_radius_applies=&#8221;bg&#8221; overflow=&#8221;visible&#8221; advanced_gradient_angle=&#8221;0&#8243;&#8230;<\/p>\n","protected":false},"author":1,"featured_media":0,"parent":0,"menu_order":0,"comment_status":"closed","ping_status":"closed","template":"","meta":{"footnotes":""},"class_list":["post-49","page","type-page","status-publish"],"yoast_head":"<!-- This site is optimized with the Yoast SEO plugin v22.6 - https:\/\/yoast.com\/wordpress\/plugins\/seo\/ -->\n<title>Novosti -<\/title>\n<meta name=\"description\" content=\"Otkrijte \u0161to je novo u Noel Bread &amp; Deli pekarnicama! Pro\u010ditajte vijesti o na\u0161im aktivnostima, novootvorenim pekarnicama i proizvodima koji dolaze u prodaju.\" \/>\n<meta name=\"robots\" content=\"index, follow, max-snippet:-1, max-image-preview:large, max-video-preview:-1\" \/>\n<link rel=\"canonical\" href=\"https:\/\/breadanddeli.eu\/index.php\/news\/\" \/>\n<meta property=\"og:locale\" content=\"hr_HR\" \/>\n<meta property=\"og:type\" content=\"article\" \/>\n<meta property=\"og:title\" content=\"Novosti -\" \/>\n<meta property=\"og:description\" content=\"Otkrijte \u0161to je novo u Noel Bread &amp; Deli pekarnicama! Pro\u010ditajte vijesti o na\u0161im aktivnostima, novootvorenim pekarnicama i proizvodima koji dolaze u prodaju.\" \/>\n<meta property=\"og:url\" content=\"https:\/\/breadanddeli.eu\/index.php\/news\/\" \/>\n<meta property=\"article:modified_time\" content=\"2024-05-15T14:37:05+00:00\" \/>\n<meta name=\"twitter:card\" content=\"summary_large_image\" \/>\n<meta name=\"twitter:label1\" content=\"Procijenjeno vrijeme \u010ditanja\" \/>\n\t<meta name=\"twitter:data1\" content=\"2 minute\" \/>\n<script type=\"application\/ld+json\" class=\"yoast-schema-graph\">{\"@context\":\"https:\/\/schema.org\",\"@graph\":[{\"@type\":\"WebPage\",\"@id\":\"https:\/\/breadanddeli.eu\/index.php\/news\/\",\"url\":\"https:\/\/breadanddeli.eu\/index.php\/news\/\",\"name\":\"Novosti -\",\"isPartOf\":{\"@id\":\"https:\/\/breadanddeli.eu\/#website\"},\"datePublished\":\"2021-11-10T23:12:52+00:00\",\"dateModified\":\"2024-05-15T14:37:05+00:00\",\"description\":\"Otkrijte \u0161to je novo u Noel Bread & Deli pekarnicama! Pro\u010ditajte vijesti o na\u0161im aktivnostima, novootvorenim pekarnicama i proizvodima koji dolaze u prodaju.\",\"breadcrumb\":{\"@id\":\"https:\/\/breadanddeli.eu\/index.php\/news\/#breadcrumb\"},\"inLanguage\":\"hr\",\"potentialAction\":[{\"@type\":\"ReadAction\",\"target\":[\"https:\/\/breadanddeli.eu\/index.php\/news\/\"]}]},{\"@type\":\"BreadcrumbList\",\"@id\":\"https:\/\/breadanddeli.eu\/index.php\/news\/#breadcrumb\",\"itemListElement\":[{\"@type\":\"ListItem\",\"position\":1,\"name\":\"Po\u010detna stranica\",\"item\":\"https:\/\/breadanddeli.eu\/\"},{\"@type\":\"ListItem\",\"position\":2,\"name\":\"Novosti\"}]},{\"@type\":\"WebSite\",\"@id\":\"https:\/\/breadanddeli.eu\/#website\",\"url\":\"https:\/\/breadanddeli.eu\/\",\"name\":\"Noel Bread&Deli\",\"description\":\"Freshly Baked\",\"publisher\":{\"@id\":\"https:\/\/breadanddeli.eu\/#organization\"},\"potentialAction\":[{\"@type\":\"SearchAction\",\"target\":{\"@type\":\"EntryPoint\",\"urlTemplate\":\"https:\/\/breadanddeli.eu\/?s={search_term_string}\"},\"query-input\":\"required name=search_term_string\"}],\"inLanguage\":\"hr\"},{\"@type\":\"Organization\",\"@id\":\"https:\/\/breadanddeli.eu\/#organization\",\"name\":\"Noel Bread&Deli\",\"url\":\"https:\/\/breadanddeli.eu\/\",\"logo\":{\"@type\":\"ImageObject\",\"inLanguage\":\"hr\",\"@id\":\"https:\/\/breadanddeli.eu\/#\/schema\/logo\/image\/\",\"url\":\"https:\/\/breadanddeli.eu\/wp-content\/uploads\/2024\/04\/Frame-155.webp\",\"contentUrl\":\"https:\/\/breadanddeli.eu\/wp-content\/uploads\/2024\/04\/Frame-155.webp\",\"width\":264,\"height\":264,\"caption\":\"Noel Bread&Deli\"},\"image\":{\"@id\":\"https:\/\/breadanddeli.eu\/#\/schema\/logo\/image\/\"},\"sameAs\":[\"https:\/\/www.instagram.com\/noel_breadndeli\/\"]}]}<\/script>\n<!-- \/ Yoast SEO plugin. -->","yoast_head_json":{"title":"Novosti -","description":"Otkrijte \u0161to je novo u Noel Bread & Deli pekarnicama! Pro\u010ditajte vijesti o na\u0161im aktivnostima, novootvorenim pekarnicama i proizvodima koji dolaze u prodaju.","robots":{"index":"index","follow":"follow","max-snippet":"max-snippet:-1","max-image-preview":"max-image-preview:large","max-video-preview":"max-video-preview:-1"},"canonical":"https:\/\/breadanddeli.eu\/index.php\/news\/","og_locale":"hr_HR","og_type":"article","og_title":"Novosti -","og_description":"Otkrijte \u0161to je novo u Noel Bread & Deli pekarnicama! Pro\u010ditajte vijesti o na\u0161im aktivnostima, novootvorenim pekarnicama i proizvodima koji dolaze u prodaju.","og_url":"https:\/\/breadanddeli.eu\/index.php\/news\/","article_modified_time":"2024-05-15T14:37:05+00:00","twitter_card":"summary_large_image","twitter_misc":{"Procijenjeno vrijeme \u010ditanja":"2 minute"},"schema":{"@context":"https:\/\/schema.org","@graph":[{"@type":"WebPage","@id":"https:\/\/breadanddeli.eu\/index.php\/news\/","url":"https:\/\/breadanddeli.eu\/index.php\/news\/","name":"Novosti -","isPartOf":{"@id":"https:\/\/breadanddeli.eu\/#website"},"datePublished":"2021-11-10T23:12:52+00:00","dateModified":"2024-05-15T14:37:05+00:00","description":"Otkrijte \u0161to je novo u Noel Bread & Deli pekarnicama! Pro\u010ditajte vijesti o na\u0161im aktivnostima, novootvorenim pekarnicama i proizvodima koji dolaze u prodaju.","breadcrumb":{"@id":"https:\/\/breadanddeli.eu\/index.php\/news\/#breadcrumb"},"inLanguage":"hr","potentialAction":[{"@type":"ReadAction","target":["https:\/\/breadanddeli.eu\/index.php\/news\/"]}]},{"@type":"BreadcrumbList","@id":"https:\/\/breadanddeli.eu\/index.php\/news\/#breadcrumb","itemListElement":[{"@type":"ListItem","position":1,"name":"Po\u010detna stranica","item":"https:\/\/breadanddeli.eu\/"},{"@type":"ListItem","position":2,"name":"Novosti"}]},{"@type":"WebSite","@id":"https:\/\/breadanddeli.eu\/#website","url":"https:\/\/breadanddeli.eu\/","name":"Noel Bread&Deli","description":"Freshly Baked","publisher":{"@id":"https:\/\/breadanddeli.eu\/#organization"},"potentialAction":[{"@type":"SearchAction","target":{"@type":"EntryPoint","urlTemplate":"https:\/\/breadanddeli.eu\/?s={search_term_string}"},"query-input":"required name=search_term_string"}],"inLanguage":"hr"},{"@type":"Organization","@id":"https:\/\/breadanddeli.eu\/#organization","name":"Noel Bread&Deli","url":"https:\/\/breadanddeli.eu\/","logo":{"@type":"ImageObject","inLanguage":"hr","@id":"https:\/\/breadanddeli.eu\/#\/schema\/logo\/image\/","url":"https:\/\/breadanddeli.eu\/wp-content\/uploads\/2024\/04\/Frame-155.webp","contentUrl":"https:\/\/breadanddeli.eu\/wp-content\/uploads\/2024\/04\/Frame-155.webp","width":264,"height":264,"caption":"Noel Bread&Deli"},"image":{"@id":"https:\/\/breadanddeli.eu\/#\/schema\/logo\/image\/"},"sameAs":["https:\/\/www.instagram.com\/noel_breadndeli\/"]}]}},"_links":{"self":[{"href":"https:\/\/breadanddeli.eu\/index.php\/wp-json\/wp\/v2\/pages\/49","targetHints":{"allow":["GET"]}}],"collection":[{"href":"https:\/\/breadanddeli.eu\/index.php\/wp-json\/wp\/v2\/pages"}],"about":[{"href":"https:\/\/breadanddeli.eu\/index.php\/wp-json\/wp\/v2\/types\/page"}],"author":[{"embeddable":true,"href":"https:\/\/breadanddeli.eu\/index.php\/wp-json\/wp\/v2\/users\/1"}],"replies":[{"embeddable":true,"href":"https:\/\/breadanddeli.eu\/index.php\/wp-json\/wp\/v2\/comments?post=49"}],"version-history":[{"count":23,"href":"https:\/\/breadanddeli.eu\/index.php\/wp-json\/wp\/v2\/pages\/49\/revisions"}],"predecessor-version":[{"id":806,"href":"https:\/\/breadanddeli.eu\/index.php\/wp-json\/wp\/v2\/pages\/49\/revisions\/806"}],"wp:attachment":[{"href":"https:\/\/breadanddeli.eu\/index.php\/wp-json\/wp\/v2\/media?parent=49"}],"curies":[{"name":"wp","href":"https:\/\/api.w.org\/{rel}","templated":true}]}}